{"id":72,"date":"2016-03-21T07:46:29","date_gmt":"2016-03-21T07:46:29","guid":{"rendered":"http:\/\/localhost\/NeuElektrik\/?page_id=72"},"modified":"2025-12-22T07:04:21","modified_gmt":"2025-12-22T07:04:21","slug":"team","status":"publish","type":"page","link":"https:\/\/neuelektrik.li\/?page_id=72","title":{"rendered":"Team"},"content":{"rendered":"<h1>Gesch\u00e4ftsleitung<\/h1>\n<div class=\"position col col-xs-8 col-md-8\">\n<div>Urs Sprenger<\/div>\n<div class=\"contact\">Direkt 00423 7924500<\/p>\n<p><a class=\"link\" href=\"mailto:urs.sprenger@neuelektrik.li\">Kontakt<\/a><\/p>\n<\/div>\n<p>Inhaber und Verwaltungsratspr\u00e4sident<\/p>\n<\/div>\n<div class=\"portrait col col-xs-4 col-md-4\"><img class=\"alignnone\" src=\"https:\/\/neuelektrik.li\/wp-content\/uploads\/2024\/11\/Urs2.png\" alt=\"Icon-Portrait-neutral-1-300x300-1.png\"><\/div>\n<div class=\"position col col-xs-8 col-md-8\">\n<div>Andreas Corn<\/div>\n<div class=\"contact\">Direkt 00423 239 23 41<\/p>\n<p><a class=\"link\" href=\"mailto:andreas.corn@neuelektrik.li\">Kontakt<\/a><\/p>\n<\/div>\n<p>Gesch\u00e4ftsf\u00fchrer<\/p>\n<\/div>\n<div class=\"portrait col col-xs-4 col-md-4\"><img class=\"alignnone\" src=\"https:\/\/neuelektrik.li\/wp-content\/uploads\/2023\/11\/D60A9868_300_300_b60.jpg\" alt=\"Andreas_Corn_9.6.16-300x300\"><\/div>\n<h1>Office Management<\/h1>\n<div class=\"position col col-xs-8 col-md-8\">\n<div>Gabi Reinprecht<\/div>\n<div class=\"contact\">Direkt 00423 239 23 40<br \/>\n<a class=\"link\" href=\"mailto:gabi.reinprecht@neuelektrik.li\">Kontakt<\/a><\/div>\n<p>Administration &#8211; Buchhaltung &#8211; Zahlungsverkehr<\/p>\n<\/div>\n<div class=\"portrait col col-xs-4 col-md-4\"><img class=\"alignnone\" src=\"https:\/\/neuelektrik.li\/wp-content\/uploads\/2023\/11\/MA_D60A9865_300_300_b60.jpg\" alt=\"Gabi_Reinprecht_9.6.16-300x300\"><\/div>\n<h1>Automation<\/h1>\n<div class=\"position col col-xs-8 col-md-8\">\n<div>Walter Zech<\/div>\n<div class=\"contact\">Direkt 00423 239 23 48<br \/>\n<a class=\"link\" href=\"mailto:walter.zech@neuelektrik.li\">Kontakt<\/a><\/div>\n<p>Leiter Automation<\/p>\n<\/div>\n<div class=\"portrait col col-xs-4 col-md-4\"><img class=\"alignnone\" src=\"https:\/\/neuelektrik.li\/wp-content\/uploads\/2023\/11\/MA_D60A9884_300_300_b60.jpg\" alt=\"Walter_Zech_9.6.16-300x300\"><\/div>\n<div class=\"position col col-xs-8 col-md-8\">\n<div>Loris Flater<\/div>\n<div class=\"contact\">Direkt 00423 239 23 56<br \/>\n<a class=\"link\" href=\"mailto:loris.flater@neuelektrik.li\">Kontakt<\/a><\/div>\n<p>Software Engineer<\/p>\n<\/div>\n<div class=\"portrait col col-xs-4 col-md-4\"><img class=\"alignnone\" src=\"https:\/\/neuelektrik.li\/wp-content\/uploads\/2023\/11\/MA_D60A9874_300_300_b50.jpg\" alt=\"neuelektrik.li\/wp-content\/uploads\/2023\/07\/loris-3-300x300\"><\/div>\n<h1>Steuerungsbau<\/h1>\n<div class=\"position col col-xs-8 col-md-8\">\n<div>Orhan Sivritas<\/div>\n<div class=\"contact\">Direkt 00423 239 23 47<br \/>\n<a class=\"link\" href=\"mailto:orhan.sivritas@neuelektrik.li\">Kontakt<\/a><\/div>\n<p>Leiter Steuerungsbau<\/p>\n<\/div>\n<div class=\"portrait col col-xs-4 col-md-4\"><img class=\"alignnone\" src=\"https:\/\/neuelektrik.li\/wp-content\/uploads\/2023\/11\/MA_D60A9838_300_300_b60.jpg\" alt=\"Orhan_Web1_14.2.19-300x300.jpg\"><\/div>\n<div class=\"position col col-xs-8 col-md-8\">\n<div>Fikret Zora<\/div>\n<div class=\"contact\">Direkt 00423 239 23 46<br \/>\n<a class=\"link\" href=\"mailto:fikret.zora@neuelektrik.li\">Kontakt<\/a><\/div>\n<p>Projektleiter Steuerungsbau \/ Qualit\u00e4tssicherung<\/p>\n<\/div>\n<div class=\"portrait col col-xs-4 col-md-4\"><img class=\"alignnone\" src=\"https:\/\/neuelektrik.li\/wp-content\/uploads\/2023\/09\/Icon-Portrait-neutral-1-300x300-1.png\" alt=\"Icon-Portrait-neutral-1-300x300-1.png\"><\/div>\n<div class=\"position col col-xs-8 col-md-8\">\n<div>Sascha Pinggera<\/div>\n<div class=\"contact\">Direkt 00423 239 23 44<br \/>\n<a class=\"link\" href=\"mailto:sascha.pinggera@neuelektrik.li\">Kontakt<\/a><\/div>\n<p>Sachbearbeiter Steuerungsbau<\/p>\n<\/div>\n<div class=\"portrait col col-xs-4 col-md-4\"><img class=\"alignnone\" src=\"https:\/\/neuelektrik.li\/wp-content\/uploads\/2023\/11\/MA_D60A9880_300_300_b46.jpg\" alt=\"MA_D60A9844_300_300_b55.jpg\"><\/div>\n<div class=\"position col col-xs-8 col-md-8\">\n<div>J\u00fcrgen Biedermann<\/div>\n<div class=\"contact\">Direkt 00423 239 23 23<br \/>\n<a class=\"link\" href=\"mailto:office@neuelektrik.li\">Kontakt<\/a><\/div>\n<p>Schaltanlagenmonteur<\/p>\n<\/div>\n<div class=\"portrait col col-xs-4 col-md-4\"><img class=\"alignnone\" src=\"https:\/\/neuelektrik.li\/wp-content\/uploads\/2023\/12\/Icon-Portrait-neutral-1-300x300-1-300x300-1.jpg\" alt=\"Icon-Portrait-neutral-1-300x300-1.png\"><\/div>\n<div class=\"position col col-xs-8 col-md-8\">\n<div>Christian Brunngr\u00e4ber<\/div>\n<div class=\"contact\">Direkt 00423 239 23 23<br \/>\n<a class=\"link\" href=\"mailto:office@neuelektrik.li\">Kontakt<\/a><\/div>\n<p>Schaltanlagenmonteur<\/p>\n<\/div>\n<div class=\"portrait col col-xs-4 col-md-4\"><img class=\"alignnone\" src=\"https:\/\/neuelektrik.li\/wp-content\/uploads\/2023\/12\/MA_D60A9857_300_300_b55.jpg\" alt=\"Icon-Portrait-neutral-1-300x300-1.png\"><\/div>\n<div class=\"position col col-xs-8 col-md-8\">\n<div>Kurt Ebner<\/div>\n<div class=\"contact\">Direkt 00423 239 23 23<br \/>\n<a class=\"link\" href=\"mailto:office@neuelektrik.li\">Kontakt<\/a><\/div>\n<p>Schaltanlagenmonteur<\/p>\n<\/div>\n<div class=\"portrait col col-xs-4 col-md-4\"><img class=\"alignnone\" src=\"https:\/\/neuelektrik.li\/wp-content\/uploads\/2023\/12\/MA_D60A9861_300_300._b60JPG.jpg\" alt=\"Icon-Portrait-neutral-1-300x300-1.png\"><\/div>\n<div class=\"position col col-xs-8 col-md-8\">\n<div>Gernot Loacker<\/div>\n<div class=\"contact\">Direkt 00423 239 23 23<br \/>\n<a class=\"link\" href=\"mailto:office@neuelektrik.li\">Kontakt<\/a><\/div>\n<p>Schaltanlagenmonteur<\/p>\n<\/div>\n<div class=\"portrait col col-xs-4 col-md-4\"><img class=\"alignnone\" src=\"https:\/\/neuelektrik.li\/wp-content\/uploads\/2023\/12\/MA_D60A9891_300_300_b60.jpg\" alt=\"Icon-Portrait-neutral-1-300x300-1.png\"><\/div>\n<div class=\"position col col-xs-8 col-md-8\">\n<div>Elmar Mittner<\/div>\n<div class=\"contact\">Direkt 00423 239 23 23<br \/>\n<a class=\"link\" href=\"mailto:office@neuelektrik.li\">Kontakt<\/a><\/div>\n<p>Pr\u00fcfer und Schaltanlagenmonteur<\/p>\n<\/div>\n<div class=\"portrait col col-xs-4 col-md-4\"><img class=\"alignnone\" src=\"https:\/\/neuelektrik.li\/wp-content\/uploads\/2023\/12\/MA_D60A9826_300_300_b55.jpg\" alt=\"Icon-Portrait-neutral-1-300x300-1.png\"><\/div>\n<div class=\"position col col-xs-8 col-md-8\">\n<div>Stefan Romic<\/div>\n<div class=\"contact\">Direkt 00423 239 23 23<br \/>\n<a class=\"link\" href=\"mailto:office@neuelektrik.li\">Kontakt<\/a><\/div>\n<p>Schaltanlagenmonteur<\/p>\n<\/div>\n<div class=\"portrait col col-xs-4 col-md-4\"><img class=\"alignnone\" src=\"https:\/\/neuelektrik.li\/wp-content\/uploads\/2023\/09\/Icon-Portrait-neutral-1-300x300-1.png\" alt=\"Icon-Portrait-neutral-1-300x300-1.png\"><\/div>\n<div class=\"position col col-xs-8 col-md-8\">\n<div>Rainer Wallis<\/div>\n<div class=\"contact\">Direkt 00423 239 23 23<br \/>\n<a class=\"link\" href=\"mailto:office@neuelektrik.li\">Kontakt<\/a><\/div>\n<p>Pr\u00fcfer und Schaltanlagenmonteur<\/p>\n<\/div>\n<div class=\"portrait col col-xs-4 col-md-4\"><img class=\"alignnone\" src=\"https:\/\/neuelektrik.li\/wp-content\/uploads\/2023\/09\/Icon-Portrait-neutral-1-300x300-1.png\" alt=\"Icon-Portrait-neutral-1-300x300-1.png\"><\/div>\n<div class=\"position col col-xs-8 col-md-8\">\n<div>Ali Sivritas<\/div>\n<div class=\"contact\">Direkt 00423 239 23 23<br \/>\n<a class=\"link\" href=\"mailto:office@neuelektrik.li\">Kontakt<\/a><\/div>\n<p>Lagerlogistik<\/p>\n<\/div>\n<div class=\"portrait col col-xs-4 col-md-4\"><img class=\"alignnone\" src=\"https:\/\/neuelektrik.li\/wp-content\/uploads\/2023\/12\/MA_D60A9862_300_300_b60.jpg\" alt=\"Icon-Portrait-neutral-1-300x300-1.png\"><\/div>\n<h1>Modulmontage<\/h1>\n<div class=\"position col col-xs-8 col-md-8\">\n<div>Tahsin Kuzu<\/div>\n<div class=\"contact\">Direkt 00423 239 23 23<br \/>\n<a class=\"link\" href=\"mailto:tahsin.kuzu@neuelektrik.li\">Kontakt<\/a><\/div>\n<p>Monteur<\/p>\n<\/div>\n<div class=\"portrait col col-xs-4 col-md-4\"><img class=\"alignnone\" src=\"https:\/\/neuelektrik.li\/wp-content\/uploads\/2023\/09\/Icon-Portrait-neutral-1-300x300-1.png\" alt=\"Icon-Portrait-neutral-1-300x300-1.png\"><\/div>\n<h1>Elektroplanung<\/h1>\n<div class=\"position col col-xs-8 col-md-8\">\n<div>Christian Geistor<\/div>\n<div class=\"contact\">Direkt 00423 239 23 46<br \/>\n<a class=\"link\" href=\"mailto:christian.geistor@neuelektrik.li\">Kontakt<\/a><\/div>\n<p>Projektabwicklung (ePlan)<\/p>\n<\/div>\n<div class=\"portrait col col-xs-4 col-md-4\"><img class=\"alignnone\" src=\"https:\/\/neuelektrik.li\/wp-content\/uploads\/2023\/11\/MA_D60A9848_300_300_b50.jpg\" alt=\"Icon-Portrait-neutral-1-300x300-1.png\"><\/div>\n<div class=\"position col col-xs-8 col-md-8\">\n<div>Marco Knauer<\/div>\n<div class=\"contact\">Direkt 00423 239 23 49<br \/>\n<a class=\"link\" href=\"mailto:marco.knauer@neuelektrik.li\">Kontakt<\/a><\/div>\n<p>Projektabwicklung (ePlan)<\/p>\n<\/div>\n<div class=\"portrait col col-xs-4 col-md-4\"><img class=\"alignnone\" src=\"https:\/\/neuelektrik.li\/wp-content\/uploads\/2023\/11\/MA_D60A9840_300_300_b50.jpg\" alt=\"Icon-Portrait-neutral-1-300x300-1.png\"><\/div>\n<h1>Elektromanagment<\/h1>\n<div class=\"position col col-xs-8 col-md-8\">\n<div>Stefan Koisser<\/div>\n<div class=\"contact\">Direkt 00423 239 23 51<br \/>\n<a class=\"link\" href=\"mailto:stefan.koisser@neuelektrik.li\">Kontakt<\/a><\/div>\n<p>Leiter Bereich Elektromanagement<\/p>\n<\/div>\n<div class=\"portrait col col-xs-4 col-md-4\"><img class=\"alignnone\" src=\"https:\/\/neuelektrik.li\/wp-content\/uploads\/2023\/11\/MA_D60A9853_300_300_b55.jpg\" alt=\"Stefan_Koisser_9.6.16-300x300\"><\/div>\n<div class=\"position col col-xs-8 col-md-8\">\n<div>Thomas Urbans<\/div>\n<div class=\"contact\">Direkt 00423 239 23 45<br \/>\n<a class=\"link\" href=\"mailto:thomas.urbans@neuelektrik.li\">Kontakt<\/a><\/div>\n<p>Stellvertreter Leiter Elektromanagement &#8211; Teamleiter<\/p>\n<\/div>\n<div class=\"portrait col col-xs-4 col-md-4\"><img class=\"alignnone\" src=\"https:\/\/neuelektrik.li\/wp-content\/uploads\/2023\/09\/Icon-Portrait-neutral-1-300x300-1.png\" alt=\"Icon-Portrait-neutral-1-300x300-1.png\"><\/div>\n<div class=\"position col col-xs-8 col-md-8\">\n<div>Thomas Fr\u00f6wis<\/div>\n<div class=\"contact\">Direkt 00423 239 23 23<br \/>\n<a class=\"link\" href=\"mailto:office@neuelektrik.li\">Kontakt<\/a><\/div>\n<p>Teamleiter<\/p>\n<\/div>\n<div class=\"portrait col col-xs-4 col-md-4\"><img class=\"alignnone\" src=\"https:\/\/neuelektrik.li\/wp-content\/uploads\/2023\/12\/D60A9835_300_300_b66.jpg\" alt=\"Icon-Portrait-neutral-1-300x300-1.png\"><\/div>\n<div class=\"position col col-xs-8 col-md-8\">\n<div>Werner Frey &#8211; Teamleiter<\/div>\n<div class=\"contact\">Direkt 00423 239 23 23<br \/>\n<a class=\"link\" href=\"mailto:office@neuelektrik.li\">Kontakt<\/a><\/div>\n<p>Teamleiter<\/p>\n<\/div>\n<div class=\"portrait col col-xs-4 col-md-4\"><img class=\"alignnone\" src=\"https:\/\/neuelektrik.li\/wp-content\/uploads\/2023\/12\/D60A9833_300_300_b66.jpg\" alt=\"Icon-Portrait-neutral-1-300x300-1.png\"><\/div>\n<div class=\"position col col-xs-8 col-md-8\">\n<div>Waltraud L\u00e4ngle<\/div>\n<div class=\"contact\">Direkt 00423 239 23 52<br \/>\n<a class=\"link\" href=\"mailto:waltraud.laengle@neuelektrik.li\">Kontakt<\/a><\/div>\n<p>CAD<\/p>\n<\/div>\n<div class=\"portrait col col-xs-4 col-md-4\"><img class=\"alignnone\" src=\"https:\/\/neuelektrik.li\/wp-content\/uploads\/2023\/11\/MA_D60A9829_300_300_b50.jpg\" alt=\"Icon-Portrait-neutral-1-300x300-1.png\"><\/div>\n<div class=\"position col col-xs-8 col-md-8\"><\/div>\n","protected":false},"excerpt":{"rendered":"<p>Gesch\u00e4ftsleitung Urs Sprenger Direkt 00423 7924500 Kontakt Inhaber und Verwaltungsratspr\u00e4sident Andreas Corn Direkt 00423 239 23 41 Kontakt Gesch\u00e4ftsf\u00fchrer Office Management Gabi Reinprecht Direkt 00423 239 23 40 Kontakt Administration &#8211; Buchhaltung &#8211; Zahlungsverkehr Automation Walter Zech Direkt 00423 239 23 48 Kontakt Leiter Automation Loris Flater Direkt 00423 239 23 56 Kontakt Software Engineer [&hellip;]<\/p>\n","protected":false},"author":1,"featured_media":0,"parent":13,"menu_order":0,"comment_status":"closed","ping_status":"closed","template":"team.php","meta":[],"_links":{"self":[{"href":"https:\/\/neuelektrik.li\/index.php?rest_route=\/wp\/v2\/pages\/72"}],"collection":[{"href":"https:\/\/neuelektrik.li\/index.php?rest_route=\/wp\/v2\/pages"}],"about":[{"href":"https:\/\/neuelektrik.li\/index.php?rest_route=\/wp\/v2\/types\/page"}],"author":[{"embeddable":true,"href":"https:\/\/neuelektrik.li\/index.php?rest_route=\/wp\/v2\/users\/1"}],"replies":[{"embeddable":true,"href":"https:\/\/neuelektrik.li\/index.php?rest_route=%2Fwp%2Fv2%2Fcomments&post=72"}],"version-history":[{"count":285,"href":"https:\/\/neuelektrik.li\/index.php?rest_route=\/wp\/v2\/pages\/72\/revisions"}],"predecessor-version":[{"id":992,"href":"https:\/\/neuelektrik.li\/index.php?rest_route=\/wp\/v2\/pages\/72\/revisions\/992"}],"up":[{"embeddable":true,"href":"https:\/\/neuelektrik.li\/index.php?rest_route=\/wp\/v2\/pages\/13"}],"wp:attachment":[{"href":"https:\/\/neuelektrik.li\/index.php?rest_route=%2Fwp%2Fv2%2Fmedia&parent=72"}],"curies":[{"name":"wp","href":"https:\/\/api.w.org\/{rel}","templated":true}]}}