{"id":66,"date":"2016-03-21T07:45:06","date_gmt":"2016-03-21T07:45:06","guid":{"rendered":"http:\/\/localhost\/NeuElektrik\/?page_id=66"},"modified":"2022-07-30T16:03:43","modified_gmt":"2022-07-30T16:03:43","slug":"staerken","status":"publish","type":"page","link":"https:\/\/neuelektrik.li\/?page_id=66","title":{"rendered":"St\u00e4rken"},"content":{"rendered":"<div class=\"page\" title=\"Page 8\">\n<div class=\"section\">\n<div class=\"layoutArea\">\n<div class=\"column\">\n<h1>Ein starker Partner &#8211;<br \/>\nwir bleiben an Ihrer Seite<\/h1>\n<p>Mit \u00fcber 50 erfolgreichen Jahren Praxis sind diese F\u00e4higkeiten feste Bestandteile unsers Denkens und Handelns geworden.<\/p>\n<p>&#8211; Kompetenz: Das ist unsere Qualifikation &#8211; weil wir mitdenken.<\/p>\n<p>&#8211; Flexibilit\u00e4t: Das ist einscheidend in kurzfristigen M\u00e4rkten.<\/p>\n<p>&#8211; Effizienz: Das Richtige tun &#8211; einfach, \u00fcberlegt und weitsichtig.<\/p>\n<p>&#8211; Q-Bewusstsein: Das bedeutet eine top Dienstleistung, fehlerfreie Produkte und Termintreue.<\/p>\n<h2>NeuElektrik<\/h2>\n<p>Von der Hard- und Softwareentwicklung \u00fcber Planung und Herstellung elektrischer Steuerungen bis zur Betreuung der elektrischen Infrastruktur in Industriebetrieben deckt die NeuElektrik AG eine grosse Bandbreite von Dienstleistungen ab.<\/p>\n<\/div>\n<\/div>\n<\/div>\n<\/div>\n","protected":false},"excerpt":{"rendered":"<p>Ein starker Partner &#8211; wir bleiben an Ihrer Seite Mit \u00fcber 50 erfolgreichen Jahren Praxis sind diese F\u00e4higkeiten feste Bestandteile unsers Denkens und Handelns geworden. &#8211; Kompetenz: Das ist unsere Qualifikation &#8211; weil wir mitdenken. &#8211; Flexibilit\u00e4t: Das ist einscheidend in kurzfristigen M\u00e4rkten. &#8211; Effizienz: Das Richtige tun &#8211; einfach, \u00fcberlegt und weitsichtig. &#8211; Q-Bewusstsein: [&hellip;]<\/p>\n","protected":false},"author":1,"featured_media":0,"parent":13,"menu_order":1,"comment_status":"closed","ping_status":"closed","template":"page.php","meta":[],"_links":{"self":[{"href":"https:\/\/neuelektrik.li\/index.php?rest_route=\/wp\/v2\/pages\/66"}],"collection":[{"href":"https:\/\/neuelektrik.li\/index.php?rest_route=\/wp\/v2\/pages"}],"about":[{"href":"https:\/\/neuelektrik.li\/index.php?rest_route=\/wp\/v2\/types\/page"}],"author":[{"embeddable":true,"href":"https:\/\/neuelektrik.li\/index.php?rest_route=\/wp\/v2\/users\/1"}],"replies":[{"embeddable":true,"href":"https:\/\/neuelektrik.li\/index.php?rest_route=%2Fwp%2Fv2%2Fcomments&post=66"}],"version-history":[{"count":6,"href":"https:\/\/neuelektrik.li\/index.php?rest_route=\/wp\/v2\/pages\/66\/revisions"}],"predecessor-version":[{"id":549,"href":"https:\/\/neuelektrik.li\/index.php?rest_route=\/wp\/v2\/pages\/66\/revisions\/549"}],"up":[{"embeddable":true,"href":"https:\/\/neuelektrik.li\/index.php?rest_route=\/wp\/v2\/pages\/13"}],"wp:attachment":[{"href":"https:\/\/neuelektrik.li\/index.php?rest_route=%2Fwp%2Fv2%2Fmedia&parent=66"}],"curies":[{"name":"wp","href":"https:\/\/api.w.org\/{rel}","templated":true}]}}