{"id":64,"date":"2016-03-21T07:44:39","date_gmt":"2016-03-21T07:44:39","guid":{"rendered":"http:\/\/localhost\/NeuElektrik\/?page_id=64"},"modified":"2024-04-22T07:52:56","modified_gmt":"2024-04-22T07:52:56","slug":"ziel","status":"publish","type":"page","link":"https:\/\/neuelektrik.li\/?page_id=64","title":{"rendered":"Ziel"},"content":{"rendered":"<div class=\"page\" title=\"Page 7\">\n<div class=\"section\">\n<div class=\"layoutArea\">\n<div class=\"column\">\n<div class=\"page\" title=\"Page 2\"><\/div>\n<h1>Mit Visionen zu H\u00f6chstleistungen<\/h1>\n<div class=\"page\" title=\"Page 7\">\n<div class=\"section\">\n<div class=\"layoutArea\">\n<div class=\"column\">\n<p>Der f\u00fchrende Anbieter und Partner in den Bereichen Automation, Steuerungsbau und Elektromanagement zu werden ist und bleibt unser Ziel. Pr\u00e4zise abgestimmte Soft- und Hardwaresysteme, hochwertige Steuerungen sowie erstklassige Servicedienstleistungen sind unser Garant auf diesem Weg.<\/p>\n<div class=\"page\" title=\"Page 7\">\n<div class=\"section\">\n<div class=\"layoutArea\">\n<div class=\"column\">\n<h2>Innovationen bestimmen die Kompetenz<\/h2>\n<div class=\"page\" title=\"Page 7\">\n<div class=\"section\">\n<div class=\"layoutArea\">\n<div class=\"column\">\n<p>Umfassende Qualit\u00e4t und wegweisende Innovationen, ausgelegt auf die Bed\u00fcrfnisse unserer Partner garantieren unsere Kompetenz.<\/p>\n<div class=\"page\" title=\"Page 7\">\n<div class=\"section\">\n<div class=\"layoutArea\">\n<div class=\"column\">\n<h2>Teamwork ist unsere St\u00e4rke<\/h2>\n<\/div>\n<\/div>\n<\/div>\n<\/div>\n<div class=\"page\" title=\"Page 7\">\n<div class=\"section\">\n<div class=\"layoutArea\">\n<div class=\"column\">\n<p>Hervorragende Qualifikationen sind die Voraussetzung f\u00fcr professionelle Arbeiten. Diesem Denkansatz werden alle Mitarbeiter\/-innen der NeuElektrik AG gerecht. Dank dem eingespielten Team kann die Produkt-\/Dienstleistungskompetenz und der F\u00fchrungsanspruch gehalten werden &#8211; von der Gesch\u00e4ftsleitung bis zur Qualit\u00e4tskontrolle und Endmontage.<\/p>\n<\/div>\n<\/div>\n<\/div>\n<\/div>\n<\/div>\n<\/div>\n<\/div>\n<\/div>\n<\/div>\n<\/div>\n<\/div>\n<\/div>\n<\/div>\n<\/div>\n<\/div>\n<\/div>\n<\/div>\n<\/div>\n<\/div>\n<\/div>\n","protected":false},"excerpt":{"rendered":"<p>Mit Visionen zu H\u00f6chstleistungen Der f\u00fchrende Anbieter und Partner in den Bereichen Automation, Steuerungsbau und Elektromanagement zu werden ist und bleibt unser Ziel. Pr\u00e4zise abgestimmte Soft- und Hardwaresysteme, hochwertige Steuerungen sowie erstklassige Servicedienstleistungen sind unser Garant auf diesem Weg. Innovationen bestimmen die Kompetenz Umfassende Qualit\u00e4t und wegweisende Innovationen, ausgelegt auf die Bed\u00fcrfnisse unserer Partner garantieren [&hellip;]<\/p>\n","protected":false},"author":1,"featured_media":0,"parent":13,"menu_order":0,"comment_status":"closed","ping_status":"closed","template":"page.php","meta":[],"_links":{"self":[{"href":"https:\/\/neuelektrik.li\/index.php?rest_route=\/wp\/v2\/pages\/64"}],"collection":[{"href":"https:\/\/neuelektrik.li\/index.php?rest_route=\/wp\/v2\/pages"}],"about":[{"href":"https:\/\/neuelektrik.li\/index.php?rest_route=\/wp\/v2\/types\/page"}],"author":[{"embeddable":true,"href":"https:\/\/neuelektrik.li\/index.php?rest_route=\/wp\/v2\/users\/1"}],"replies":[{"embeddable":true,"href":"https:\/\/neuelektrik.li\/index.php?rest_route=%2Fwp%2Fv2%2Fcomments&post=64"}],"version-history":[{"count":10,"href":"https:\/\/neuelektrik.li\/index.php?rest_route=\/wp\/v2\/pages\/64\/revisions"}],"predecessor-version":[{"id":901,"href":"https:\/\/neuelektrik.li\/index.php?rest_route=\/wp\/v2\/pages\/64\/revisions\/901"}],"up":[{"embeddable":true,"href":"https:\/\/neuelektrik.li\/index.php?rest_route=\/wp\/v2\/pages\/13"}],"wp:attachment":[{"href":"https:\/\/neuelektrik.li\/index.php?rest_route=%2Fwp%2Fv2%2Fmedia&parent=64"}],"curies":[{"name":"wp","href":"https:\/\/api.w.org\/{rel}","templated":true}]}}