{"id":38,"date":"2016-02-18T18:15:50","date_gmt":"2016-02-18T18:15:50","guid":{"rendered":"http:\/\/localhost\/NeuElektrik\/?page_id=38"},"modified":"2024-04-22T07:50:45","modified_gmt":"2024-04-22T07:50:45","slug":"industrieservice","status":"publish","type":"page","link":"https:\/\/neuelektrik.li\/?page_id=38","title":{"rendered":"Elektromanagement"},"content":{"rendered":"<div class=\"page\" title=\"Page 6\">\n<div class=\"section\">\n<div class=\"layoutArea\">\n<div class=\"column\">\n<h1>Breite Unterst\u00fctzung &#8211;<br \/>\ndamit Ihr Betrieb sicher l\u00e4uft<\/h1>\n<p>Facility Management Elektrotechnik: Wir unterst\u00fctzen Industrieunternehmen bei der Planung, der Umsetzung und beim Unterhalt der elektrischen Infrastruktur. Unser Team sorgt f\u00fcr einen sicheren Betrieb.<\/p>\n<\/div>\n<h2>Planung, Umsetzung und Begleitung<\/h2>\n<div class=\"col col-sm-6 col col-md-4 col-xs-12\">\n<ul>\n<li class=\"special\">Planung mit Kunden<\/li>\n<li class=\"special\">Organisation \/ Umsetzung<\/li>\n<li class=\"special\">Betreuung und Beratung der Systempartner<\/li>\n<li class=\"special\">Dokumentation und Archivierung<\/li>\n<\/ul>\n<\/div>\n<div class=\"col col-sm-6 col-md-4 col-xs-12\">\n<ul>\n<li class=\"special\">Schaltschrankbau und Umbauten<\/li>\n<li class=\"special\">Maschinen- \/ Versorgungsinstallationen<\/li>\n<li class=\"special\">Umbauten und Reperaturen<\/li>\n<li class=\"special\">Bereitschaftsdienst<\/li>\n<\/ul>\n<\/div>\n<div class=\"col col-sm-6 col-md-4 col-xs-12\">\n<ul>\n<li class=\"special\">Trafostationen<\/li>\n<li class=\"special\">USV-Anlagen<\/li>\n<li class=\"special\">HLK-Technik<\/li>\n<li class=\"special\">Sicherheitstechnik \/ Zutrittssysteme<\/li>\n<li class=\"special\">Telefonie und Netzwerktechnik<\/li>\n<li class=\"special\">Medientechnik<\/li>\n<\/ul>\n<\/div>\n<\/div>\n<\/div>\n<\/div>\n","protected":false},"excerpt":{"rendered":"<p>Breite Unterst\u00fctzung &#8211; damit Ihr Betrieb sicher l\u00e4uft Facility Management Elektrotechnik: Wir unterst\u00fctzen Industrieunternehmen bei der Planung, der Umsetzung und beim Unterhalt der elektrischen Infrastruktur. Unser Team sorgt f\u00fcr einen sicheren Betrieb. Planung, Umsetzung und Begleitung Planung mit Kunden Organisation \/ Umsetzung Betreuung und Beratung der Systempartner Dokumentation und Archivierung Schaltschrankbau und Umbauten Maschinen- \/ [&hellip;]<\/p>\n","protected":false},"author":1,"featured_media":0,"parent":11,"menu_order":2,"comment_status":"closed","ping_status":"closed","template":"subpage.php","meta":[],"_links":{"self":[{"href":"https:\/\/neuelektrik.li\/index.php?rest_route=\/wp\/v2\/pages\/38"}],"collection":[{"href":"https:\/\/neuelektrik.li\/index.php?rest_route=\/wp\/v2\/pages"}],"about":[{"href":"https:\/\/neuelektrik.li\/index.php?rest_route=\/wp\/v2\/types\/page"}],"author":[{"embeddable":true,"href":"https:\/\/neuelektrik.li\/index.php?rest_route=\/wp\/v2\/users\/1"}],"replies":[{"embeddable":true,"href":"https:\/\/neuelektrik.li\/index.php?rest_route=%2Fwp%2Fv2%2Fcomments&post=38"}],"version-history":[{"count":7,"href":"https:\/\/neuelektrik.li\/index.php?rest_route=\/wp\/v2\/pages\/38\/revisions"}],"predecessor-version":[{"id":900,"href":"https:\/\/neuelektrik.li\/index.php?rest_route=\/wp\/v2\/pages\/38\/revisions\/900"}],"up":[{"embeddable":true,"href":"https:\/\/neuelektrik.li\/index.php?rest_route=\/wp\/v2\/pages\/11"}],"wp:attachment":[{"href":"https:\/\/neuelektrik.li\/index.php?rest_route=%2Fwp%2Fv2%2Fmedia&parent=38"}],"curies":[{"name":"wp","href":"https:\/\/api.w.org\/{rel}","templated":true}]}}