{"id":36,"date":"2016-02-18T18:15:21","date_gmt":"2016-02-18T18:15:21","guid":{"rendered":"http:\/\/localhost\/NeuElektrik\/?page_id=36"},"modified":"2022-08-02T16:15:45","modified_gmt":"2022-08-02T16:15:45","slug":"steuerungsbau","status":"publish","type":"page","link":"https:\/\/neuelektrik.li\/?page_id=36","title":{"rendered":"Steuerungsbau"},"content":{"rendered":"<div class=\"page\" title=\"Page 5\">\n<div class=\"section\">\n<div class=\"layoutArea\">\n<div class=\"column\">\n<h1>Schnell und flexibel &#8211; wir gehen auf Sie ein<\/h1>\n<p>Wir bauen Schaltanlagen in jeder Gr\u00f6sse und Komplexit\u00e4t, ob Prototypen, Einzel- oder Serienfertigung. Wir liefern die gew\u00fcnschte Qualit\u00e4t termingerecht und zu wettbewerbsf\u00e4higen Preisen. \u00dcberzeugen Sie sich von unserem weitgespannten Leistungsangebot.<\/p>\n<h2>Von der Konstruktion bis zur Installation<\/h2>\n<div class=\"col col-sm-6 col col-md-4 col-xs-12\">\n<ul>\n<li class=\"special\">Technische Beratung bei der Projektierung und Ausf\u00fchrung<\/li>\n<li class=\"special\">Erstellung von Schaltpl\u00e4nen und Dokumentationen<\/li>\n<li class=\"special\">Optimierte Materialbewirtschaftung<\/li>\n<\/ul>\n<\/div>\n<div class=\"col col-sm-6 col-md-4 col-xs-12\">\n<ul>\n<li class=\"special\">Bau von Niederspannungs-<br \/>\nSchaltger\u00e4tekombinationen nach EN61439<\/li>\n<li class=\"special\">Herstellung der elektrischen Ausr\u00fcstung von Maschinen nach EN60204<\/li>\n<\/ul>\n<\/div>\n<div class=\"col col-sm-6 col-md-4 col-xs-12\">\n<ul>\n<li class=\"special\">Prototyp-, Einzel- und Serienfertigung<\/li>\n<li class=\"special\">Normkonforme Endpr\u00fcfung inkl. Verdrahtung<\/li>\n<li class=\"special\">Umbauten und Verkabelungen im Haus oder beim Kunden vor Ort<\/li>\n<\/ul>\n<\/div>\n<\/div>\n<\/div>\n<\/div>\n<\/div>\n","protected":false},"excerpt":{"rendered":"<p>Schnell und flexibel &#8211; wir gehen auf Sie ein Wir bauen Schaltanlagen in jeder Gr\u00f6sse und Komplexit\u00e4t, ob Prototypen, Einzel- oder Serienfertigung. Wir liefern die gew\u00fcnschte Qualit\u00e4t termingerecht und zu wettbewerbsf\u00e4higen Preisen. \u00dcberzeugen Sie sich von unserem weitgespannten Leistungsangebot. Von der Konstruktion bis zur Installation Technische Beratung bei der Projektierung und Ausf\u00fchrung Erstellung von Schaltpl\u00e4nen [&hellip;]<\/p>\n","protected":false},"author":1,"featured_media":0,"parent":11,"menu_order":1,"comment_status":"closed","ping_status":"closed","template":"subpage.php","meta":[],"_links":{"self":[{"href":"https:\/\/neuelektrik.li\/index.php?rest_route=\/wp\/v2\/pages\/36"}],"collection":[{"href":"https:\/\/neuelektrik.li\/index.php?rest_route=\/wp\/v2\/pages"}],"about":[{"href":"https:\/\/neuelektrik.li\/index.php?rest_route=\/wp\/v2\/types\/page"}],"author":[{"embeddable":true,"href":"https:\/\/neuelektrik.li\/index.php?rest_route=\/wp\/v2\/users\/1"}],"replies":[{"embeddable":true,"href":"https:\/\/neuelektrik.li\/index.php?rest_route=%2Fwp%2Fv2%2Fcomments&post=36"}],"version-history":[{"count":10,"href":"https:\/\/neuelektrik.li\/index.php?rest_route=\/wp\/v2\/pages\/36\/revisions"}],"predecessor-version":[{"id":564,"href":"https:\/\/neuelektrik.li\/index.php?rest_route=\/wp\/v2\/pages\/36\/revisions\/564"}],"up":[{"embeddable":true,"href":"https:\/\/neuelektrik.li\/index.php?rest_route=\/wp\/v2\/pages\/11"}],"wp:attachment":[{"href":"https:\/\/neuelektrik.li\/index.php?rest_route=%2Fwp%2Fv2%2Fmedia&parent=36"}],"curies":[{"name":"wp","href":"https:\/\/api.w.org\/{rel}","templated":true}]}}